{"id":486,"date":"2026-02-09T16:07:58","date_gmt":"2026-02-09T15:07:58","guid":{"rendered":"https:\/\/www.gestalttherapiekoeln.de\/?page_id=486"},"modified":"2026-03-04T10:09:55","modified_gmt":"2026-03-04T09:09:55","slug":"zeit-fuer-mich-gespraechskreis-fuer-frauen","status":"publish","type":"page","link":"https:\/\/www.gestalttherapiekoeln.de\/index.php\/zeit-fuer-mich-gespraechskreis-fuer-frauen\/","title":{"rendered":"*Zeit f\u00fcr mich ~ Gespr\u00e4chskreis f\u00fcr Frauen*"},"content":{"rendered":"\n<figure class=\"wp-block-image size-large\"><img loading=\"lazy\" decoding=\"async\" width=\"777\" height=\"1024\" src=\"https:\/\/www.gestalttherapiekoeln.de\/wp-content\/uploads\/2026\/02\/IMG_7116-777x1024.jpeg\" alt=\"\" class=\"wp-image-475\" srcset=\"https:\/\/www.gestalttherapiekoeln.de\/wp-content\/uploads\/2026\/02\/IMG_7116-777x1024.jpeg 777w, https:\/\/www.gestalttherapiekoeln.de\/wp-content\/uploads\/2026\/02\/IMG_7116-228x300.jpeg 228w, https:\/\/www.gestalttherapiekoeln.de\/wp-content\/uploads\/2026\/02\/IMG_7116-768x1012.jpeg 768w, https:\/\/www.gestalttherapiekoeln.de\/wp-content\/uploads\/2026\/02\/IMG_7116.jpeg 1080w\" sizes=\"auto, (max-width: 767px) 89vw, (max-width: 1000px) 54vw, (max-width: 1071px) 543px, 580px\" \/><\/figure>\n\n\n\n<p><\/p>\n\n\n\n<p>Was bewegt Sie als Frau in dieser Lebensphase? Wann haben Sie sich das letzte Mal Zeit genommen ~ nur f\u00fcr Sie selbst? Was entspannt, n\u00e4hrt und erfreut Sie? Wo sp\u00fcren Sie als Frau den Wunsch nach Ver\u00e4nderung \u2013 und vielleicht auch als Mutter?<\/p>\n\n\n\n<p>Wir m\u00f6chten Ihnen einen Raum er\u00f6ffnen, wo Ihre Fragen angeh\u00f6rt werden und Sie zu Ihren Antworten finden.<\/p>\n\n\n\n<p>Ein Einstieg ist jederzeit noch m\u00f6glich. Weitere Termine sind der 25. M\u00e4rz | 22. April |         20. Mai | 24. Juni 2026, jeweils von 19.00 bis 21.00 Uhr. Ich stehe Ihnen bei Fragen gerne zur Verf\u00fcgung. <\/p>\n\n\n\n<p>Herzlich Willkommen im Gespr\u00e4chskreis\ud83d\ude4f Anabel Beyer &#8211; de Morant<\/p>\n\n\n\n<p><\/p>\n","protected":false},"excerpt":{"rendered":"<p>Was bewegt Sie als Frau in dieser Lebensphase? Wann haben Sie sich das letzte Mal Zeit genommen ~ nur f\u00fcr Sie selbst? Was entspannt, n\u00e4hrt und erfreut Sie? Wo sp\u00fcren Sie als Frau den Wunsch nach Ver\u00e4nderung \u2013 und vielleicht auch als Mutter? Wir m\u00f6chten Ihnen einen Raum er\u00f6ffnen, wo Ihre Fragen angeh\u00f6rt werden und &hellip; <\/p>\n<p class=\"link-more\"><a href=\"https:\/\/www.gestalttherapiekoeln.de\/index.php\/zeit-fuer-mich-gespraechskreis-fuer-frauen\/\" class=\"more-link\"><span class=\"screen-reader-text\">\u201e*Zeit f\u00fcr mich ~ Gespr\u00e4chskreis f\u00fcr Frauen*\u201c<\/span> weiterlesen<\/a><\/p>\n","protected":false},"author":1,"featured_media":0,"parent":0,"menu_order":0,"comment_status":"closed","ping_status":"closed","template":"","meta":{"footnotes":""},"class_list":["post-486","page","type-page","status-publish","hentry"],"_links":{"self":[{"href":"https:\/\/www.gestalttherapiekoeln.de\/index.php\/wp-json\/wp\/v2\/pages\/486","targetHints":{"allow":["GET"]}}],"collection":[{"href":"https:\/\/www.gestalttherapiekoeln.de\/index.php\/wp-json\/wp\/v2\/pages"}],"about":[{"href":"https:\/\/www.gestalttherapiekoeln.de\/index.php\/wp-json\/wp\/v2\/types\/page"}],"author":[{"embeddable":true,"href":"https:\/\/www.gestalttherapiekoeln.de\/index.php\/wp-json\/wp\/v2\/users\/1"}],"replies":[{"embeddable":true,"href":"https:\/\/www.gestalttherapiekoeln.de\/index.php\/wp-json\/wp\/v2\/comments?post=486"}],"version-history":[{"count":8,"href":"https:\/\/www.gestalttherapiekoeln.de\/index.php\/wp-json\/wp\/v2\/pages\/486\/revisions"}],"predecessor-version":[{"id":514,"href":"https:\/\/www.gestalttherapiekoeln.de\/index.php\/wp-json\/wp\/v2\/pages\/486\/revisions\/514"}],"wp:attachment":[{"href":"https:\/\/www.gestalttherapiekoeln.de\/index.php\/wp-json\/wp\/v2\/media?parent=486"}],"curies":[{"name":"wp","href":"https:\/\/api.w.org\/{rel}","templated":true}]}}