{"id":329,"date":"2024-10-14T23:11:01","date_gmt":"2024-10-14T21:11:01","guid":{"rendered":"https:\/\/www.gestalttherapiekoeln.de\/?page_id=329"},"modified":"2026-02-09T17:07:59","modified_gmt":"2026-02-09T16:07:59","slug":"zurueck-zum-koerper","status":"publish","type":"page","link":"https:\/\/www.gestalttherapiekoeln.de\/index.php\/zurueck-zum-koerper\/","title":{"rendered":"Zur\u00fcck zum K\u00f6rper"},"content":{"rendered":"\n<p>Unser K\u00f6rper ist unser Zuhause. Dort wohnt alles, was wir erlebt haben. Zur\u00fcck zum K\u00f6rper l\u00e4dt ein zur Bewegung, zum Sp\u00fcren &amp; zur Entspannung ~ mitten rein ins Leben. <\/p>\n\n\n\n<figure class=\"wp-block-image size-large\"><img loading=\"lazy\" decoding=\"async\" width=\"1024\" height=\"768\" src=\"https:\/\/www.gestalttherapiekoeln.de\/wp-content\/uploads\/2024\/10\/277530150_10209590268429002_206476542155327776_n-1024x768.jpg\" alt=\"\" class=\"wp-image-138\" srcset=\"https:\/\/www.gestalttherapiekoeln.de\/wp-content\/uploads\/2024\/10\/277530150_10209590268429002_206476542155327776_n-1024x768.jpg 1024w, https:\/\/www.gestalttherapiekoeln.de\/wp-content\/uploads\/2024\/10\/277530150_10209590268429002_206476542155327776_n-300x225.jpg 300w, https:\/\/www.gestalttherapiekoeln.de\/wp-content\/uploads\/2024\/10\/277530150_10209590268429002_206476542155327776_n-768x576.jpg 768w, https:\/\/www.gestalttherapiekoeln.de\/wp-content\/uploads\/2024\/10\/277530150_10209590268429002_206476542155327776_n-1536x1152.jpg 1536w, https:\/\/www.gestalttherapiekoeln.de\/wp-content\/uploads\/2024\/10\/277530150_10209590268429002_206476542155327776_n.jpg 2048w\" sizes=\"auto, (max-width: 767px) 89vw, (max-width: 1000px) 54vw, (max-width: 1071px) 543px, 580px\" \/><\/figure>\n\n\n\n<figure class=\"wp-block-image size-large\"><img loading=\"lazy\" decoding=\"async\" width=\"768\" height=\"1024\" src=\"https:\/\/www.gestalttherapiekoeln.de\/wp-content\/uploads\/2024\/10\/IMG_1118-768x1024.jpeg\" alt=\"\" class=\"wp-image-262\" srcset=\"https:\/\/www.gestalttherapiekoeln.de\/wp-content\/uploads\/2024\/10\/IMG_1118-768x1024.jpeg 768w, https:\/\/www.gestalttherapiekoeln.de\/wp-content\/uploads\/2024\/10\/IMG_1118-225x300.jpeg 225w, https:\/\/www.gestalttherapiekoeln.de\/wp-content\/uploads\/2024\/10\/IMG_1118-1152x1536.jpeg 1152w, https:\/\/www.gestalttherapiekoeln.de\/wp-content\/uploads\/2024\/10\/IMG_1118-1536x2048.jpeg 1536w, https:\/\/www.gestalttherapiekoeln.de\/wp-content\/uploads\/2024\/10\/IMG_1118-scaled.jpeg 1920w\" sizes=\"auto, (max-width: 767px) 89vw, (max-width: 1000px) 54vw, (max-width: 1071px) 543px, 580px\" \/><\/figure>\n","protected":false},"excerpt":{"rendered":"<p>Unser K\u00f6rper ist unser Zuhause. Dort wohnt alles, was wir erlebt haben. Zur\u00fcck zum K\u00f6rper l\u00e4dt ein zur Bewegung, zum Sp\u00fcren &amp; zur Entspannung ~ mitten rein ins Leben.<\/p>\n","protected":false},"author":1,"featured_media":0,"parent":0,"menu_order":0,"comment_status":"closed","ping_status":"closed","template":"","meta":{"footnotes":""},"class_list":["post-329","page","type-page","status-publish","hentry"],"_links":{"self":[{"href":"https:\/\/www.gestalttherapiekoeln.de\/index.php\/wp-json\/wp\/v2\/pages\/329","targetHints":{"allow":["GET"]}}],"collection":[{"href":"https:\/\/www.gestalttherapiekoeln.de\/index.php\/wp-json\/wp\/v2\/pages"}],"about":[{"href":"https:\/\/www.gestalttherapiekoeln.de\/index.php\/wp-json\/wp\/v2\/types\/page"}],"author":[{"embeddable":true,"href":"https:\/\/www.gestalttherapiekoeln.de\/index.php\/wp-json\/wp\/v2\/users\/1"}],"replies":[{"embeddable":true,"href":"https:\/\/www.gestalttherapiekoeln.de\/index.php\/wp-json\/wp\/v2\/comments?post=329"}],"version-history":[{"count":3,"href":"https:\/\/www.gestalttherapiekoeln.de\/index.php\/wp-json\/wp\/v2\/pages\/329\/revisions"}],"predecessor-version":[{"id":500,"href":"https:\/\/www.gestalttherapiekoeln.de\/index.php\/wp-json\/wp\/v2\/pages\/329\/revisions\/500"}],"wp:attachment":[{"href":"https:\/\/www.gestalttherapiekoeln.de\/index.php\/wp-json\/wp\/v2\/media?parent=329"}],"curies":[{"name":"wp","href":"https:\/\/api.w.org\/{rel}","templated":true}]}}