{"id":180,"date":"2024-10-06T16:02:49","date_gmt":"2024-10-06T14:02:49","guid":{"rendered":"http:\/\/www.gestalttherapiekoeln.de\/?page_id=180"},"modified":"2025-02-24T18:19:19","modified_gmt":"2025-02-24T17:19:19","slug":"wingwave-coaching","status":"publish","type":"page","link":"https:\/\/www.gestalttherapiekoeln.de\/index.php\/wingwave-coaching\/","title":{"rendered":"Wingwave\u00ae\ufe0f Coaching"},"content":{"rendered":"\n<p>Die Wingwave\u00ae\ufe0f Methode ist ein Emotionscoaching, dass darauf abzielt, Stress, Blockaden und \u00c4ngste abzubauen, alte einschr\u00e4nkende Muster loszulassen, seine Kreativit\u00e4t zu entfalten und neue Kr\u00e4fte im Alltag freizusetzen.<\/p>\n\n\n\n<p>Sie wurde im Jahr 2000 von Cora Besser-Siegmund und Harry Siegmund, einem Psychologenpaar aus Hamburg, entwickelt, die sich auf einen reichen Fundus an neurowissenschaftlicher Forschung und ihre eigene Praxis als Psychologen st\u00fctzten.<\/p>\n\n\n\n<p>Die 3 S\u00e4ulen der Wingwave-Coaching-Methode sind der myostatische Test (ein Muskeltest), die Erzeugung von \u201ewachen\u201c REM-Phasen (REM = Rapid Eye Movement: schnelle Augenbewegung) und Neuro-Linguistisches Programmieren.<\/p>\n\n\n\n<figure class=\"wp-block-image size-full\"><img loading=\"lazy\" decoding=\"async\" width=\"852\" height=\"960\" src=\"https:\/\/www.gestalttherapiekoeln.de\/wp-content\/uploads\/2024\/10\/259158538_10209310670959240_2983057603083115054_n.jpg\" alt=\"\" class=\"wp-image-133\" srcset=\"https:\/\/www.gestalttherapiekoeln.de\/wp-content\/uploads\/2024\/10\/259158538_10209310670959240_2983057603083115054_n.jpg 852w, https:\/\/www.gestalttherapiekoeln.de\/wp-content\/uploads\/2024\/10\/259158538_10209310670959240_2983057603083115054_n-266x300.jpg 266w, https:\/\/www.gestalttherapiekoeln.de\/wp-content\/uploads\/2024\/10\/259158538_10209310670959240_2983057603083115054_n-768x865.jpg 768w\" sizes=\"auto, (max-width: 767px) 89vw, (max-width: 1000px) 54vw, (max-width: 1071px) 543px, 580px\" \/><\/figure>\n\n\n\n<p><\/p>\n\n\n\n<p><\/p>\n\n\n\n<p><br><\/p>\n\n\n\n<p><\/p>\n\n\n\n<p><\/p>\n\n\n\n<p><\/p>\n\n\n\n<p><\/p>\n","protected":false},"excerpt":{"rendered":"<p>Die Wingwave\u00ae\ufe0f Methode ist ein Emotionscoaching, dass darauf abzielt, Stress, Blockaden und \u00c4ngste abzubauen, alte einschr\u00e4nkende Muster loszulassen, seine Kreativit\u00e4t zu entfalten und neue Kr\u00e4fte im Alltag freizusetzen. Sie wurde im Jahr 2000 von Cora Besser-Siegmund und Harry Siegmund, einem Psychologenpaar aus Hamburg, entwickelt, die sich auf einen reichen Fundus an neurowissenschaftlicher Forschung und ihre &hellip; <\/p>\n<p class=\"link-more\"><a href=\"https:\/\/www.gestalttherapiekoeln.de\/index.php\/wingwave-coaching\/\" class=\"more-link\"><span class=\"screen-reader-text\">\u201eWingwave\u00ae\ufe0f Coaching\u201c<\/span> weiterlesen<\/a><\/p>\n","protected":false},"author":1,"featured_media":0,"parent":0,"menu_order":0,"comment_status":"closed","ping_status":"closed","template":"","meta":{"footnotes":""},"class_list":["post-180","page","type-page","status-publish","hentry"],"_links":{"self":[{"href":"https:\/\/www.gestalttherapiekoeln.de\/index.php\/wp-json\/wp\/v2\/pages\/180","targetHints":{"allow":["GET"]}}],"collection":[{"href":"https:\/\/www.gestalttherapiekoeln.de\/index.php\/wp-json\/wp\/v2\/pages"}],"about":[{"href":"https:\/\/www.gestalttherapiekoeln.de\/index.php\/wp-json\/wp\/v2\/types\/page"}],"author":[{"embeddable":true,"href":"https:\/\/www.gestalttherapiekoeln.de\/index.php\/wp-json\/wp\/v2\/users\/1"}],"replies":[{"embeddable":true,"href":"https:\/\/www.gestalttherapiekoeln.de\/index.php\/wp-json\/wp\/v2\/comments?post=180"}],"version-history":[{"count":8,"href":"https:\/\/www.gestalttherapiekoeln.de\/index.php\/wp-json\/wp\/v2\/pages\/180\/revisions"}],"predecessor-version":[{"id":372,"href":"https:\/\/www.gestalttherapiekoeln.de\/index.php\/wp-json\/wp\/v2\/pages\/180\/revisions\/372"}],"wp:attachment":[{"href":"https:\/\/www.gestalttherapiekoeln.de\/index.php\/wp-json\/wp\/v2\/media?parent=180"}],"curies":[{"name":"wp","href":"https:\/\/api.w.org\/{rel}","templated":true}]}}